{"id":1058,"date":"2024-08-05T08:25:24","date_gmt":"2024-08-05T08:25:24","guid":{"rendered":"https:\/\/www.dgarait.fr\/sasugarait\/?page_id=1058"},"modified":"2025-05-16T13:53:18","modified_gmt":"2025-05-16T13:53:18","slug":"mentions-legales","status":"publish","type":"page","link":"https:\/\/www.dgarait.fr\/sasugarait\/mentions-legales\/","title":{"rendered":"Mentions l\u00e9gales"},"content":{"rendered":"\t\t<div data-elementor-type=\"wp-page\" data-elementor-id=\"1058\" class=\"elementor elementor-1058\" data-elementor-post-type=\"page\">\n\t\t\t\t<div class=\"elementor-element elementor-element-2a7c72d e-flex e-con-boxed e-con e-parent\" data-id=\"2a7c72d\" data-element_type=\"container\" data-e-type=\"container\">\n\t\t\t\t\t<div class=\"e-con-inner\">\n\t\t\t\t<div class=\"elementor-element elementor-element-1fececc elementor-widget elementor-widget-text-editor\" data-id=\"1fececc\" data-element_type=\"widget\" data-e-type=\"widget\" data-widget_type=\"text-editor.default\">\n\t\t\t\t<div class=\"elementor-widget-container\">\n\t\t\t\t\t\t\t\t\t<div class=\"wp-block-group has-global-padding is-layout-constrained wp-block-group-is-layout-constrained\"><h1 class=\"has-text-align-center wp-block-post-title\">Mentions l\u00e9gales<\/h1><div class=\"wp-block-spacer\" aria-hidden=\"true\">\u00a0<\/div><\/div><div class=\"entry-content wp-block-post-content has-global-padding is-layout-constrained wp-block-post-content-is-layout-constrained\"><h2>Propri\u00e9t\u00e9 et responsabilit\u00e9 \u00e9ditoriale<\/h2><p>Le pr\u00e9sent site est la propri\u00e9t\u00e9 de la soci\u00e9t\u00e9 Sasu Garait, SASU au capital de 2000,00 \u20ac dont le si\u00e8ge est au 56 rue sainte claire deville 26700 Pierrelatte, Num\u00e9ro de SIRET 82440423000016<\/p><p>T\u00e9l: 04.75.04.24.59<\/p><p>mail: <a href=\"mailto:david@dgarait.fr\">david@dgarait.fr<\/a><\/p><h2>H\u00e9bergement<\/h2><p>Le prestataire assurant l\u2019h\u00e9bergement du site est la soci\u00e9t\u00e9<a href=\"https:\/\/www.o2switch.fr\/\"> o2switch<\/a><\/p><h2>Donn\u00e9es nominatives<\/h2><p>En application de la Loi n\u00b0 78-17 du 6 janvier 1978 relative \u00e0 l\u2019Informatique, aux Fichiers et aux Libert\u00e9s, vous disposez des droits d\u2019opposition (art. 26 de la loi), d\u2019acc\u00e8s (art.34 \u00e0 38 de la loi) et de rectification (art. 36 de la loi) des donn\u00e9es vous concernant. Ainsi, vous pouvez nous contacter pour que soient rectifi\u00e9es, compl\u00e9t\u00e9es, mises \u00e0 jour ou effac\u00e9es les informations vous concernant qui sont inexactes, incompl\u00e8tes, \u00e9quivoques, p\u00e9rim\u00e9es ou dont la collecte ou l\u2019utilisation, la communication ou la conservation est interdite.<\/p><h2>Cookies<\/h2><p>L\u2019utilisateur est inform\u00e9 que lors de ses visites sur le site, un cookie peut s\u2019installer automatiquement sur son logiciel de navigation. Un cookie est un \u00e9l\u00e9ment qui ne permet pas d\u2019identifier l\u2019utilisateur mais sert \u00e0 enregistrer des informations relatives \u00e0 la navigation de celui-ci sur le site internet. L\u2019utilisateur pourra d\u00e9sactiver ce cookie par l\u2019interm\u00e9diaire des param\u00e8tres figurant au sein de son logiciel de navigation.<\/p><h2>Propri\u00e9t\u00e9 intellectuelle<\/h2><p>Le site Internet, sa structure g\u00e9n\u00e9rale, ainsi que les textes, images anim\u00e9es ou non, savoir-faire, dessins, graphismes (\u2026) et tout autre \u00e9l\u00e9ment composant le site, sont la propri\u00e9t\u00e9 soit de Sasu Garait soit de clients qui auront autoris\u00e9 Sasu Garait \u00e0 produire leurs donn\u00e9es. Toute repr\u00e9sentation totale ou partielle de ce site par quelque proc\u00e9d\u00e9 que ce soit, sans l\u2019autorisation expresse de l\u2019\u00e9diteur du site Internet est interdite et constituerait une contrefa\u00e7on sanctionn\u00e9e par les articles L 335-2 et suivants du Code de la propri\u00e9t\u00e9 intellectuelle. Les marques de l\u2019exploitant du site Internet et de ses partenaires, ainsi que les logos figurant sur le site sont des marques (semi-figuratives ou non) d\u00e9pos\u00e9es. Toute reproduction totale ou partielle de ces marques ou de ces logos effectu\u00e9e \u00e0 partir des \u00e9l\u00e9ments du site sans l\u2019autorisation expresse de l\u2019exploitant du site Internet ou de son ayant-droit est donc prohib\u00e9e, au sens de l\u2019article L713-2 du CPI.<\/p><\/div>\t\t\t\t\t\t\t\t<\/div>\n\t\t\t\t<\/div>\n\t\t\t\t\t<\/div>\n\t\t\t\t<\/div>\n\t\t\t\t<\/div>\n\t\t","protected":false},"excerpt":{"rendered":"<p>Mentions l\u00e9gales \u00a0 Propri\u00e9t\u00e9 et responsabilit\u00e9 \u00e9ditoriale Le pr\u00e9sent site est la propri\u00e9t\u00e9 de la soci\u00e9t\u00e9 Sasu Garait, SASU au [&hellip;]<\/p>\n","protected":false},"author":1,"featured_media":0,"parent":0,"menu_order":0,"comment_status":"closed","ping_status":"closed","template":"","meta":{"site-sidebar-layout":"no-sidebar","site-content-layout":"","ast-site-content-layout":"full-width-container","site-content-style":"default","site-sidebar-style":"default","ast-global-header-display":"","ast-banner-title-visibility":"","ast-main-header-display":"","ast-hfb-above-header-display":"","ast-hfb-below-header-display":"","ast-hfb-mobile-header-display":"","site-post-title":"disabled","ast-breadcrumbs-content":"","ast-featured-img":"disabled","footer-sml-layout":"","ast-disable-related-posts":"","theme-transparent-header-meta":"","adv-header-id-meta":"","stick-header-meta":"","header-above-stick-meta":"","header-main-stick-meta":"","header-below-stick-meta":"","astra-migrate-meta-layouts":"default","ast-page-background-enabled":"default","ast-page-background-meta":{"desktop":{"background-color":"var(--ast-global-color-4)","background-image":"","background-repeat":"repeat","background-position":"center center","background-size":"auto","background-attachment":"scroll","background-type":"","background-media":"","overlay-type":"","overlay-color":"","overlay-opacity":"","overlay-gradient":""},"tablet":{"background-color":"","background-image":"","background-repeat":"repeat","background-position":"center center","background-size":"auto","background-attachment":"scroll","background-type":"","background-media":"","overlay-type":"","overlay-color":"","overlay-opacity":"","overlay-gradient":""},"mobile":{"background-color":"","background-image":"","background-repeat":"repeat","background-position":"center center","background-size":"auto","background-attachment":"scroll","background-type":"","background-media":"","overlay-type":"","overlay-color":"","overlay-opacity":"","overlay-gradient":""}},"ast-content-background-meta":{"desktop":{"background-color":"var(--ast-global-color-5)","background-image":"","background-repeat":"repeat","background-position":"center center","background-size":"auto","background-attachment":"scroll","background-type":"","background-media":"","overlay-type":"","overlay-color":"","overlay-opacity":"","overlay-gradient":""},"tablet":{"background-color":"var(--ast-global-color-5)","background-image":"","background-repeat":"repeat","background-position":"center center","background-size":"auto","background-attachment":"scroll","background-type":"","background-media":"","overlay-type":"","overlay-color":"","overlay-opacity":"","overlay-gradient":""},"mobile":{"background-color":"var(--ast-global-color-5)","background-image":"","background-repeat":"repeat","background-position":"center center","background-size":"auto","background-attachment":"scroll","background-type":"","background-media":"","overlay-type":"","overlay-color":"","overlay-opacity":"","overlay-gradient":""}},"footnotes":""},"class_list":["post-1058","page","type-page","status-publish","hentry"],"_links":{"self":[{"href":"https:\/\/www.dgarait.fr\/sasugarait\/wp-json\/wp\/v2\/pages\/1058","targetHints":{"allow":["GET"]}}],"collection":[{"href":"https:\/\/www.dgarait.fr\/sasugarait\/wp-json\/wp\/v2\/pages"}],"about":[{"href":"https:\/\/www.dgarait.fr\/sasugarait\/wp-json\/wp\/v2\/types\/page"}],"author":[{"embeddable":true,"href":"https:\/\/www.dgarait.fr\/sasugarait\/wp-json\/wp\/v2\/users\/1"}],"replies":[{"embeddable":true,"href":"https:\/\/www.dgarait.fr\/sasugarait\/wp-json\/wp\/v2\/comments?post=1058"}],"version-history":[{"count":14,"href":"https:\/\/www.dgarait.fr\/sasugarait\/wp-json\/wp\/v2\/pages\/1058\/revisions"}],"predecessor-version":[{"id":1243,"href":"https:\/\/www.dgarait.fr\/sasugarait\/wp-json\/wp\/v2\/pages\/1058\/revisions\/1243"}],"wp:attachment":[{"href":"https:\/\/www.dgarait.fr\/sasugarait\/wp-json\/wp\/v2\/media?parent=1058"}],"curies":[{"name":"wp","href":"https:\/\/api.w.org\/{rel}","templated":true}]}}