{"id":1101,"date":"2024-09-11T13:07:22","date_gmt":"2024-09-11T13:07:22","guid":{"rendered":"https:\/\/www.dgarait.fr\/sasugarait\/?page_id=1101"},"modified":"2025-05-16T13:50:42","modified_gmt":"2025-05-16T13:50:42","slug":"chauffe-eau","status":"publish","type":"page","link":"https:\/\/www.dgarait.fr\/sasugarait\/chauffe-eau\/","title":{"rendered":"Chauffe-eau"},"content":{"rendered":"\t\t<div data-elementor-type=\"wp-page\" data-elementor-id=\"1101\" class=\"elementor elementor-1101\" data-elementor-post-type=\"page\">\n\t\t\t\t<div class=\"elementor-element elementor-element-95a02eb e-con-full e-flex e-con e-parent\" data-id=\"95a02eb\" data-element_type=\"container\" data-e-type=\"container\" data-settings=\"{&quot;background_background&quot;:&quot;classic&quot;}\">\n\t\t<div class=\"elementor-element elementor-element-885b1b8 e-con-full e-flex e-con e-child\" data-id=\"885b1b8\" data-element_type=\"container\" data-e-type=\"container\">\n\t\t\t\t<\/div>\n\t\t<div class=\"elementor-element elementor-element-838bd0a e-con-full e-flex e-con e-child\" data-id=\"838bd0a\" data-element_type=\"container\" data-e-type=\"container\">\n\t\t\t\t<\/div>\n\t\t\t\t<\/div>\n\t\t<div class=\"elementor-element elementor-element-d6902fc e-flex e-con-boxed e-con e-parent\" data-id=\"d6902fc\" data-element_type=\"container\" data-e-type=\"container\">\n\t\t\t\t\t<div class=\"e-con-inner\">\n\t\t\t\t<div class=\"elementor-element elementor-element-db6666d elementor-widget elementor-widget-text-editor\" data-id=\"db6666d\" data-element_type=\"widget\" data-e-type=\"widget\" data-widget_type=\"text-editor.default\">\n\t\t\t\t<div class=\"elementor-widget-container\">\n\t\t\t\t\t\t\t\t\t<h2>Un point tr\u00e8s important pour votre s\u00e9curit\u00e9 !<\/h2>\t\t\t\t\t\t\t\t<\/div>\n\t\t\t\t<\/div>\n\t\t\t\t<div class=\"elementor-element elementor-element-0b3377b elementor-view-stacked elementor-shape-square elementor-widget__width-auto elementor-fixed elementor-widget elementor-widget-icon\" data-id=\"0b3377b\" data-element_type=\"widget\" data-e-type=\"widget\" data-settings=\"{&quot;_position&quot;:&quot;fixed&quot;}\" data-widget_type=\"icon.default\">\n\t\t\t\t<div class=\"elementor-widget-container\">\n\t\t\t\t\t\t\t<div class=\"elementor-icon-wrapper\">\n\t\t\t<a class=\"elementor-icon elementor-animation-pulse\" href=\"tel:0648899346\">\n\t\t\t<svg aria-hidden=\"true\" class=\"e-font-icon-svg e-fas-phone\" viewBox=\"0 0 512 512\" xmlns=\"http:\/\/www.w3.org\/2000\/svg\"><path d=\"M493.4 24.6l-104-24c-11.3-2.6-22.9 3.3-27.5 13.9l-48 112c-4.2 9.8-1.4 21.3 6.9 28l60.6 49.6c-36 76.7-98.9 140.5-177.2 177.2l-49.6-60.6c-6.8-8.3-18.2-11.1-28-6.9l-112 48C3.9 366.5-2 378.1.6 389.4l24 104C27.1 504.2 36.7 512 48 512c256.1 0 464-207.5 464-464 0-11.2-7.7-20.9-18.6-23.4z\"><\/path><\/svg>\t\t\t<\/a>\n\t\t<\/div>\n\t\t\t\t\t\t<\/div>\n\t\t\t\t<\/div>\n\t\t\t\t<div class=\"elementor-element elementor-element-aea062b elementor-view-stacked elementor-shape-square elementor-widget__width-auto elementor-fixed elementor-widget elementor-widget-icon\" data-id=\"aea062b\" data-element_type=\"widget\" data-e-type=\"widget\" data-settings=\"{&quot;_position&quot;:&quot;fixed&quot;}\" data-widget_type=\"icon.default\">\n\t\t\t\t<div class=\"elementor-widget-container\">\n\t\t\t\t\t\t\t<div class=\"elementor-icon-wrapper\">\n\t\t\t<a class=\"elementor-icon elementor-animation-bob\" href=\"https:\/\/www.dgarait.fr\/sasugarait\/contact\/\">\n\t\t\t<svg aria-hidden=\"true\" class=\"e-font-icon-svg e-far-comment-dots\" viewBox=\"0 0 512 512\" xmlns=\"http:\/\/www.w3.org\/2000\/svg\"><path d=\"M144 208c-17.7 0-32 14.3-32 32s14.3 32 32 32 32-14.3 32-32-14.3-32-32-32zm112 0c-17.7 0-32 14.3-32 32s14.3 32 32 32 32-14.3 32-32-14.3-32-32-32zm112 0c-17.7 0-32 14.3-32 32s14.3 32 32 32 32-14.3 32-32-14.3-32-32-32zM256 32C114.6 32 0 125.1 0 240c0 47.6 19.9 91.2 52.9 126.3C38 405.7 7 439.1 6.5 439.5c-6.6 7-8.4 17.2-4.6 26S14.4 480 24 480c61.5 0 110-25.7 139.1-46.3C192 442.8 223.2 448 256 448c141.4 0 256-93.1 256-208S397.4 32 256 32zm0 368c-26.7 0-53.1-4.1-78.4-12.1l-22.7-7.2-19.5 13.8c-14.3 10.1-33.9 21.4-57.5 29 7.3-12.1 14.4-25.7 19.9-40.2l10.6-28.1-20.6-21.8C69.7 314.1 48 282.2 48 240c0-88.2 93.3-160 208-160s208 71.8 208 160-93.3 160-208 160z\"><\/path><\/svg>\t\t\t<\/a>\n\t\t<\/div>\n\t\t\t\t\t\t<\/div>\n\t\t\t\t<\/div>\n\t\t\t\t\t<\/div>\n\t\t\t\t<\/div>\n\t\t<div class=\"elementor-element elementor-element-nbXdKXm e-flex e-con-boxed e-con e-parent\" data-id=\"nbXdKXm\" data-element_type=\"container\" data-e-type=\"container\">\n\t\t\t\t\t<div class=\"e-con-inner\">\n\t\t\t\t<div class=\"elementor-element elementor-element-4hoqdu7 elementor-widget__width-initial elementor-widget elementor-widget-image\" data-id=\"4hoqdu7\" data-element_type=\"widget\" data-e-type=\"widget\" data-widget_type=\"image.default\">\n\t\t\t\t<div class=\"elementor-widget-container\">\n\t\t\t\t\t\t\t\t\t\t\t\t\t\t\t<img fetchpriority=\"high\" decoding=\"async\" width=\"1024\" height=\"976\" src=\"https:\/\/www.dgarait.fr\/sasugarait\/wp-content\/uploads\/2024\/09\/Capture-decran-2020-04-22-a-13-03-39-1024x976.png\" class=\"attachment-large size-large wp-image-1103\" alt=\"\" srcset=\"https:\/\/www.dgarait.fr\/sasugarait\/wp-content\/uploads\/2024\/09\/Capture-decran-2020-04-22-a-13-03-39-1024x976.png 1024w, https:\/\/www.dgarait.fr\/sasugarait\/wp-content\/uploads\/2024\/09\/Capture-decran-2020-04-22-a-13-03-39-300x286.png 300w, https:\/\/www.dgarait.fr\/sasugarait\/wp-content\/uploads\/2024\/09\/Capture-decran-2020-04-22-a-13-03-39-768x732.png 768w, https:\/\/www.dgarait.fr\/sasugarait\/wp-content\/uploads\/2024\/09\/Capture-decran-2020-04-22-a-13-03-39-1536x1464.png 1536w, https:\/\/www.dgarait.fr\/sasugarait\/wp-content\/uploads\/2024\/09\/Capture-decran-2020-04-22-a-13-03-39.png 1714w\" sizes=\"(max-width: 1024px) 100vw, 1024px\" \/>\t\t\t\t\t\t\t\t\t\t\t\t\t\t\t<\/div>\n\t\t\t\t<\/div>\n\t\t<div class=\"elementor-element elementor-element-cZ1wDp0 e-con-full e-flex e-con e-child\" data-id=\"cZ1wDp0\" data-element_type=\"container\" data-e-type=\"container\">\n\t\t<div class=\"elementor-element elementor-element-FjVzcDk e-flex e-con-boxed e-con e-child\" data-id=\"FjVzcDk\" data-element_type=\"container\" data-e-type=\"container\">\n\t\t\t\t\t<div class=\"e-con-inner\">\n\t\t\t\t<div class=\"elementor-element elementor-element-jweY8Dr elementor-widget elementor-widget-heading\" data-id=\"jweY8Dr\" data-element_type=\"widget\" data-e-type=\"widget\" data-widget_type=\"heading.default\">\n\t\t\t\t<div class=\"elementor-widget-container\">\n\t\t\t\t\t<h2 class=\"elementor-heading-title elementor-size-default\">Le limiteur de temp\u00e9rature obligatoire pour les chauffe-eau<\/h2>\t\t\t\t<\/div>\n\t\t\t\t<\/div>\n\t\t\t\t<div class=\"elementor-element elementor-element-qayREWr elementor-widget elementor-widget-text-editor\" data-id=\"qayREWr\" data-element_type=\"widget\" data-e-type=\"widget\" data-widget_type=\"text-editor.default\">\n\t\t\t\t<div class=\"elementor-widget-container\">\n\t\t\t\t\t\t\t\t\t<ul><li>Le\u00a0KMIX\u00a0permet de s\u00e9curiser une installation de production d&rsquo; Eau Chaude Sanitaire\u00a0\u00e0 partir d&rsquo;un\u00a0Chauffe Eau \u00e9lectrique vertical\u00a0ou d&rsquo;un\u00a0Chauffe Eau thermodynamique. \u00a0<\/li><li>Le kit est adapt\u00e9 aux installations domestiques\u00a0dans lesquelles le volume d&rsquo;eau entre le Chauffe Eau et les points de puisage est inf\u00e9rieur \u00e0 3 litres\u00a0(soit 19,5m en tube cuivre de 14\/16).<\/li><li>La s\u00e9curit\u00e9 est doublement assur\u00e9e en ce qui concerne la pression \u00e0 l&rsquo;int\u00e9rieur du chauffe eau et la temp\u00e9rature de l&rsquo;eau distribu\u00e9e.<\/li><\/ul>\t\t\t\t\t\t\t\t<\/div>\n\t\t\t\t<\/div>\n\t\t\t\t\t<\/div>\n\t\t\t\t<\/div>\n\t\t<div class=\"elementor-element elementor-element-tJ1Xsyw e-flex e-con-boxed e-con e-child\" data-id=\"tJ1Xsyw\" data-element_type=\"container\" data-e-type=\"container\">\n\t\t\t\t\t<div class=\"e-con-inner\">\n\t\t\t\t<div class=\"elementor-element elementor-element-vdnVYb4 elementor-widget elementor-widget-text-editor\" data-id=\"vdnVYb4\" data-element_type=\"widget\" data-e-type=\"widget\" data-widget_type=\"text-editor.default\">\n\t\t\t\t<div class=\"elementor-widget-container\">\n\t\t\t\t\t\t\t\t\t<p><strong>Le groupe de s\u00e9curit\u00e9 :<\/strong><\/p><div class=\"page\" title=\"Page 2\"><div class=\"layoutArea\"><div class=\"column\"><ul><li>Les groupes de s\u00e9curit\u00e9 prot\u00e8gent les chauffe-eau lorsque la pression interne\u00a0atteint 7 bar lors de la chauffe.<\/li><li>Les groupes de s\u00e9curit\u00e9 3\/4&Prime; prot\u00e8gent les chauffe-eau jusqu&rsquo;\u00e0 une puissance de 10 Kw.<\/li><li>Le groupe assure les fonctions de : s\u00e9curit\u00e9 pression, ouverture \/ fermeture de l&rsquo;alimentation en eau du chauffe-eau, antipollution et vidange du chauffe-eau , par man\u0153uvre du capuchon soupape.<\/li><\/ul><\/div><\/div><\/div>\t\t\t\t\t\t\t\t<\/div>\n\t\t\t\t<\/div>\n\t\t\t\t\t<\/div>\n\t\t\t\t<\/div>\n\t\t<div class=\"elementor-element elementor-element-OKIEQJn e-flex e-con-boxed e-con e-child\" data-id=\"OKIEQJn\" data-element_type=\"container\" data-e-type=\"container\">\n\t\t\t\t\t<div class=\"e-con-inner\">\n\t\t\t\t<div class=\"elementor-element elementor-element-3YkeUrO elementor-widget elementor-widget-text-editor\" data-id=\"3YkeUrO\" data-element_type=\"widget\" data-e-type=\"widget\" data-widget_type=\"text-editor.default\">\n\t\t\t\t<div class=\"elementor-widget-container\">\n\t\t\t\t\t\t\t\t\t<div class=\"page\" title=\"Page 2\"><div class=\"layoutArea\"><div class=\"column\"><ul><li>Le mitigeur thermostatique prot\u00e8ge les utilisateurs\u00a0du risque de br\u00fblure, en abaissant \u00e0 moins de 50\u00b0C\u00a0la temp\u00e9rature de l&rsquo;eau chaude distribu\u00e9e,\u00a0conform\u00e9ment aux obligations de l&rsquo;arr\u00e9t\u00e9 du 30 novembre 2005.<\/li><li>Le mitigeur correspond \u00e0 la classe 20 (3\/4&Prime;M) et au type RU &#8211; r\u00e9glable par l&rsquo;utilisateur &#8211; manette.<\/li><li>Le fonctionnement du mitigeur est assur\u00e9 par une cartouche thermostatique immerg\u00e9e dans le flux d&rsquo;eau mitig\u00e9e, entrainant un obturateur qui contr\u00f4le le passage d&rsquo;eau chaude et d&rsquo;eau froide en entr\u00e9e. L&rsquo;\u00e9l\u00e9ment thermostatique maintient la temp\u00e9rature de sortie \u00e0 son point de consigne.<\/li><li>Plage de r\u00e9glage : 30 \/ 50\u00b0C, Pr\u00e9cision +\/- 2\u00b0C Kv : 1,85 (m3\/h).<\/li><\/ul><\/div><\/div><\/div>\t\t\t\t\t\t\t\t<\/div>\n\t\t\t\t<\/div>\n\t\t\t\t\t<\/div>\n\t\t\t\t<\/div>\n\t\t\t\t<\/div>\n\t\t\t\t\t<\/div>\n\t\t\t\t<\/div>\n\t\t<div class=\"elementor-element elementor-element-kLhyhNC e-con-full e-flex e-con e-parent\" data-id=\"kLhyhNC\" data-element_type=\"container\" data-e-type=\"container\">\n\t\t<div class=\"elementor-element elementor-element-6z06WAI e-con-full e-flex e-con e-child\" data-id=\"6z06WAI\" data-element_type=\"container\" data-e-type=\"container\">\n\t\t<div class=\"elementor-element elementor-element-vb8rrmP e-con-full e-flex e-con e-child\" data-id=\"vb8rrmP\" data-element_type=\"container\" data-e-type=\"container\">\n\t\t\t\t<div class=\"elementor-element elementor-element-y7RILG0 elementor-widget-divider--view-line elementor-widget elementor-widget-divider\" data-id=\"y7RILG0\" data-element_type=\"widget\" data-e-type=\"widget\" data-widget_type=\"divider.default\">\n\t\t\t\t<div class=\"elementor-widget-container\">\n\t\t\t\t\t\t\t<div class=\"elementor-divider\">\n\t\t\t<span class=\"elementor-divider-separator\">\n\t\t\t\t\t\t<\/span>\n\t\t<\/div>\n\t\t\t\t\t\t<\/div>\n\t\t\t\t<\/div>\n\t\t\t\t<div class=\"elementor-element elementor-element-ujM2o01 elementor-widget elementor-widget-icon-box\" data-id=\"ujM2o01\" data-element_type=\"widget\" data-e-type=\"widget\" data-widget_type=\"icon-box.default\">\n\t\t\t\t<div class=\"elementor-widget-container\">\n\t\t\t\t\t\t\t<div class=\"elementor-icon-box-wrapper\">\n\n\t\t\t\n\t\t\t\t\t\t<div class=\"elementor-icon-box-content\">\n\n\t\t\t\t\t\t\t\t\t<h4 class=\"elementor-icon-box-title\">\n\t\t\t\t\t\t<span  >\n\t\t\t\t\t\t\tLes nombreux\t\t\t\t\t\t<\/span>\n\t\t\t\t\t<\/h4>\n\t\t\t\t\n\t\t\t\t\t\t\t\t\t<p class=\"elementor-icon-box-description\">\n\t\t\t\t\t\tavantages d'un chauffe-eau performant. \u00c9conomique, durable, rapide et s\u00e9curitaire, nos chauffe-eau sont la solution id\u00e9ale pour votre maison. Profitez d'une eau chaude abondante tout en r\u00e9alisant des \u00e9conomies sur votre consommation \u00e9nerg\u00e9tique. Faites confiance \u00e0 notre expertise en plomberie et chauffage pour vous offrir le meilleur chauffe-eau adapt\u00e9 \u00e0 vos besoins.\t\t\t\t\t<\/p>\n\t\t\t\t\n\t\t\t<\/div>\n\t\t\t\n\t\t<\/div>\n\t\t\t\t\t\t<\/div>\n\t\t\t\t<\/div>\n\t\t\t\t<\/div>\n\t\t<div class=\"elementor-element elementor-element-89HjyTZ e-con-full e-flex e-con e-child\" data-id=\"89HjyTZ\" data-element_type=\"container\" data-e-type=\"container\">\n\t\t\t\t<div class=\"elementor-element elementor-element-dxnITyA elementor-widget-divider--view-line elementor-widget elementor-widget-divider\" data-id=\"dxnITyA\" data-element_type=\"widget\" data-e-type=\"widget\" data-widget_type=\"divider.default\">\n\t\t\t\t<div class=\"elementor-widget-container\">\n\t\t\t\t\t\t\t<div class=\"elementor-divider\">\n\t\t\t<span class=\"elementor-divider-separator\">\n\t\t\t\t\t\t<\/span>\n\t\t<\/div>\n\t\t\t\t\t\t<\/div>\n\t\t\t\t<\/div>\n\t\t\t\t<div class=\"elementor-element elementor-element-EeLbfWo elementor-widget elementor-widget-icon-box\" data-id=\"EeLbfWo\" data-element_type=\"widget\" data-e-type=\"widget\" data-widget_type=\"icon-box.default\">\n\t\t\t\t<div class=\"elementor-widget-container\">\n\t\t\t\t\t\t\t<div class=\"elementor-icon-box-wrapper\">\n\n\t\t\t\n\t\t\t\t\t\t<div class=\"elementor-icon-box-content\">\n\n\t\t\t\t\t\t\t\t\t<h4 class=\"elementor-icon-box-title\">\n\t\t\t\t\t\t<span  >\n\t\t\t\t\t\t\trapide\t\t\t\t\t\t<\/span>\n\t\t\t\t\t<\/h4>\n\t\t\t\t\n\t\t\t\t\t\t\t\t\t<p class=\"elementor-icon-box-description\">\n\t\t\t\t\t\tNos chauffe-eau sont con\u00e7us pour \u00eatre \u00e9conomes en \u00e9nergie, ce qui vous permet de r\u00e9aliser des \u00e9conomies sur votre facture d'\u00e9lectricit\u00e9 ou de gaz.\t\t\t\t\t<\/p>\n\t\t\t\t\n\t\t\t<\/div>\n\t\t\t\n\t\t<\/div>\n\t\t\t\t\t\t<\/div>\n\t\t\t\t<\/div>\n\t\t\t\t<\/div>\n\t\t<div class=\"elementor-element elementor-element-YTuoV1A e-con-full e-flex e-con e-child\" data-id=\"YTuoV1A\" data-element_type=\"container\" data-e-type=\"container\">\n\t\t\t\t<div class=\"elementor-element elementor-element-WU6k2H6 elementor-widget-divider--view-line elementor-widget elementor-widget-divider\" data-id=\"WU6k2H6\" data-element_type=\"widget\" data-e-type=\"widget\" data-widget_type=\"divider.default\">\n\t\t\t\t<div class=\"elementor-widget-container\">\n\t\t\t\t\t\t\t<div class=\"elementor-divider\">\n\t\t\t<span class=\"elementor-divider-separator\">\n\t\t\t\t\t\t<\/span>\n\t\t<\/div>\n\t\t\t\t\t\t<\/div>\n\t\t\t\t<\/div>\n\t\t\t\t<div class=\"elementor-element elementor-element-h0dkq98 elementor-widget elementor-widget-icon-box\" data-id=\"h0dkq98\" data-element_type=\"widget\" data-e-type=\"widget\" data-widget_type=\"icon-box.default\">\n\t\t\t\t<div class=\"elementor-widget-container\">\n\t\t\t\t\t\t\t<div class=\"elementor-icon-box-wrapper\">\n\n\t\t\t\n\t\t\t\t\t\t<div class=\"elementor-icon-box-content\">\n\n\t\t\t\t\t\t\t\t\t<h4 class=\"elementor-icon-box-title\">\n\t\t\t\t\t\t<span  >\n\t\t\t\t\t\t\tS\u00e9curitaire\t\t\t\t\t\t<\/span>\n\t\t\t\t\t<\/h4>\n\t\t\t\t\n\t\t\t\t\t\t\t\t\t<p class=\"elementor-icon-box-description\">\n\t\t\t\t\t\tLa s\u00e9curit\u00e9 est notre priorit\u00e9. Nos chauffe-eau sont \u00e9quip\u00e9s de fonctionnalit\u00e9s de s\u00e9curit\u00e9 avanc\u00e9es pour vous prot\u00e9ger des risques de surchauffe et de fuites.\t\t\t\t\t<\/p>\n\t\t\t\t\n\t\t\t<\/div>\n\t\t\t\n\t\t<\/div>\n\t\t\t\t\t\t<\/div>\n\t\t\t\t<\/div>\n\t\t\t\t<\/div>\n\t\t\t\t<\/div>\n\t\t\t\t<\/div>\n\t\t<div class=\"elementor-element elementor-element-af5e764 e-flex e-con-boxed e-con e-parent\" data-id=\"af5e764\" data-element_type=\"container\" data-e-type=\"container\">\n\t\t\t\t\t<div class=\"e-con-inner\">\n\t\t\t\t<div class=\"elementor-element elementor-element-4f78dc5 elementor-widget elementor-widget-image\" data-id=\"4f78dc5\" data-element_type=\"widget\" data-e-type=\"widget\" data-widget_type=\"image.default\">\n\t\t\t\t<div class=\"elementor-widget-container\">\n\t\t\t\t\t\t\t\t\t\t\t\t\t\t\t<img decoding=\"async\" width=\"1024\" height=\"1024\" src=\"https:\/\/www.dgarait.fr\/sasugarait\/wp-content\/uploads\/2024\/09\/Designer20.jpeg\" class=\"attachment-large size-large wp-image-1104\" alt=\"\" srcset=\"https:\/\/www.dgarait.fr\/sasugarait\/wp-content\/uploads\/2024\/09\/Designer20.jpeg 1024w, https:\/\/www.dgarait.fr\/sasugarait\/wp-content\/uploads\/2024\/09\/Designer20-300x300.jpeg 300w, https:\/\/www.dgarait.fr\/sasugarait\/wp-content\/uploads\/2024\/09\/Designer20-150x150.jpeg 150w, https:\/\/www.dgarait.fr\/sasugarait\/wp-content\/uploads\/2024\/09\/Designer20-768x768.jpeg 768w\" sizes=\"(max-width: 1024px) 100vw, 1024px\" \/>\t\t\t\t\t\t\t\t\t\t\t\t\t\t\t<\/div>\n\t\t\t\t<\/div>\n\t\t\t\t\t<\/div>\n\t\t\t\t<\/div>\n\t\t<div class=\"elementor-element elementor-element-bf5adef e-con-full e-flex e-con e-parent\" data-id=\"bf5adef\" data-element_type=\"container\" data-e-type=\"container\" data-settings=\"{&quot;background_background&quot;:&quot;classic&quot;}\">\n\t\t\t\t<\/div>\n\t\t\t\t<\/div>\n\t\t","protected":false},"excerpt":{"rendered":"<p>Un point tr\u00e8s important pour votre s\u00e9curit\u00e9 ! Le limiteur de temp\u00e9rature obligatoire pour les chauffe-eau Le\u00a0KMIX\u00a0permet de s\u00e9curiser une [&hellip;]<\/p>\n","protected":false},"author":1,"featured_media":0,"parent":0,"menu_order":0,"comment_status":"closed","ping_status":"closed","template":"","meta":{"site-sidebar-layout":"no-sidebar","site-content-layout":"","ast-site-content-layout":"full-width-container","site-content-style":"default","site-sidebar-style":"default","ast-global-header-display":"","ast-banner-title-visibility":"","ast-main-header-display":"","ast-hfb-above-header-display":"","ast-hfb-below-header-display":"","ast-hfb-mobile-header-display":"","site-post-title":"disabled","ast-breadcrumbs-content":"","ast-featured-img":"disabled","footer-sml-layout":"","ast-disable-related-posts":"","theme-transparent-header-meta":"","adv-header-id-meta":"","stick-header-meta":"","header-above-stick-meta":"","header-main-stick-meta":"","header-below-stick-meta":"","astra-migrate-meta-layouts":"default","ast-page-background-enabled":"default","ast-page-background-meta":{"desktop":{"background-color":"var(--ast-global-color-4)","background-image":"","background-repeat":"repeat","background-position":"center center","background-size":"auto","background-attachment":"scroll","background-type":"","background-media":"","overlay-type":"","overlay-color":"","overlay-opacity":"","overlay-gradient":""},"tablet":{"background-color":"","background-image":"","background-repeat":"repeat","background-position":"center center","background-size":"auto","background-attachment":"scroll","background-type":"","background-media":"","overlay-type":"","overlay-color":"","overlay-opacity":"","overlay-gradient":""},"mobile":{"background-color":"","background-image":"","background-repeat":"repeat","background-position":"center center","background-size":"auto","background-attachment":"scroll","background-type":"","background-media":"","overlay-type":"","overlay-color":"","overlay-opacity":"","overlay-gradient":""}},"ast-content-background-meta":{"desktop":{"background-color":"var(--ast-global-color-5)","background-image":"","background-repeat":"repeat","background-position":"center center","background-size":"auto","background-attachment":"scroll","background-type":"","background-media":"","overlay-type":"","overlay-color":"","overlay-opacity":"","overlay-gradient":""},"tablet":{"background-color":"var(--ast-global-color-5)","background-image":"","background-repeat":"repeat","background-position":"center center","background-size":"auto","background-attachment":"scroll","background-type":"","background-media":"","overlay-type":"","overlay-color":"","overlay-opacity":"","overlay-gradient":""},"mobile":{"background-color":"var(--ast-global-color-5)","background-image":"","background-repeat":"repeat","background-position":"center center","background-size":"auto","background-attachment":"scroll","background-type":"","background-media":"","overlay-type":"","overlay-color":"","overlay-opacity":"","overlay-gradient":""}},"footnotes":""},"class_list":["post-1101","page","type-page","status-publish","hentry"],"_links":{"self":[{"href":"https:\/\/www.dgarait.fr\/sasugarait\/wp-json\/wp\/v2\/pages\/1101","targetHints":{"allow":["GET"]}}],"collection":[{"href":"https:\/\/www.dgarait.fr\/sasugarait\/wp-json\/wp\/v2\/pages"}],"about":[{"href":"https:\/\/www.dgarait.fr\/sasugarait\/wp-json\/wp\/v2\/types\/page"}],"author":[{"embeddable":true,"href":"https:\/\/www.dgarait.fr\/sasugarait\/wp-json\/wp\/v2\/users\/1"}],"replies":[{"embeddable":true,"href":"https:\/\/www.dgarait.fr\/sasugarait\/wp-json\/wp\/v2\/comments?post=1101"}],"version-history":[{"count":13,"href":"https:\/\/www.dgarait.fr\/sasugarait\/wp-json\/wp\/v2\/pages\/1101\/revisions"}],"predecessor-version":[{"id":1234,"href":"https:\/\/www.dgarait.fr\/sasugarait\/wp-json\/wp\/v2\/pages\/1101\/revisions\/1234"}],"wp:attachment":[{"href":"https:\/\/www.dgarait.fr\/sasugarait\/wp-json\/wp\/v2\/media?parent=1101"}],"curies":[{"name":"wp","href":"https:\/\/api.w.org\/{rel}","templated":true}]}}